{"id":50,"date":"2022-06-29T12:40:04","date_gmt":"2022-06-29T10:40:04","guid":{"rendered":"https:\/\/homenajeaeugeniovilanova.umh.es\/?page_id=50"},"modified":"2022-07-22T08:25:09","modified_gmt":"2022-07-22T06:25:09","slug":"programa","status":"publish","type":"page","link":"https:\/\/homenajeaeugeniovilanova.umh.es\/ca\/programa\/","title":{"rendered":"<span lang=\"es\">(Espa\u00f1ol) Programa<\/span>"},"content":{"rendered":"<p>[et_pb_section fb_built=&#8221;1&#8243; fullwidth=&#8221;on&#8221; _builder_version=&#8221;4.17.4&#8243; _module_preset=&#8221;default&#8221; global_colors_info=&#8221;{}&#8221;][et_pb_fullwidth_menu menu_id=&#8221;298916&#8243; active_link_color=&#8221;#ffffff&#8221; _builder_version=&#8221;4.17.4&#8243; _module_preset=&#8221;default&#8221; menu_font=&#8221;Open Sans|600|||||||&#8221; menu_text_color=&#8221;#ffffff&#8221; background_color=&#8221;#5c282c&#8221; text_orientation=&#8221;center&#8221; global_colors_info=&#8221;{}&#8221;][\/et_pb_fullwidth_menu][\/et_pb_section][et_pb_section fb_built=&#8221;1&#8243; _builder_version=&#8221;4.16&#8243; global_colors_info=&#8221;{}&#8221;][et_pb_row _builder_version=&#8221;4.16&#8243; custom_padding=&#8221;||25px|||&#8221; global_colors_info=&#8221;{}&#8221;][et_pb_column type=&#8221;4_4&#8243; _builder_version=&#8221;4.16&#8243; global_colors_info=&#8221;{}&#8221;][et_pb_text _builder_version=&#8221;4.17.4&#8243; header_text_color=&#8221;#c00000&#8243; global_colors_info=&#8221;{}&#8221;]<\/p>\n<h1 style=\"text-align: center\"><b>PROGRAMA ACTO HOMENAJE A EUGENIO VILANOVA<\/b><\/h1>\n<p>[\/et_pb_text][et_pb_text admin_label=&#8221;Texto&#8221; _builder_version=&#8221;4.17.4&#8243; header_2_font=&#8221;|600|||||||&#8221; hover_enabled=&#8221;0&#8243; global_colors_info=&#8221;{}&#8221; sticky_enabled=&#8221;0&#8243;]<\/p>\n<h2><span style=\"color: #000000;\">Fecha: 22 de julio de 2022. Aula 1.1. del Edificio Arenales<\/span><\/h2>\n<p>[\/et_pb_text][et_pb_text _builder_version=&#8221;4.17.4&#8243; text_font_size=&#8221;16px&#8221; header_3_font=&#8221;|600|||||||&#8221; header_3_text_color=&#8221;#0070c0&#8243; global_colors_info=&#8221;{}&#8221;]<\/p>\n<p>&nbsp;<\/p>\n<p><span style=\"color: #000000; font\u00b4size: 18px;\"><strong>Comit\u00e9 organizador<\/strong><\/span><br \/><i><\/i><\/p>\n<p><span style=\"color: #000000;\">\u00a0Profesora \u00c1ngela Sastre Santos<\/span><\/p>\n<p><span style=\"color: #000000;\">\u00a0Profesor Miguel \u00c1ngel Sogorb S\u00e1nchez<\/span><\/p>\n<p><span style=\"color: #000000;\"><b><\/b><\/span><\/p>\n<p><span style=\"color: #000000;\"><b>10:00-10:15. Presentaci\u00f3n:<\/b> <\/span><\/p>\n<p><span style=\"color: #000000;\"><b>Juan Jos\u00e9 Ruiz Mart\u00ednez<\/b><\/span><\/p>\n<p><span style=\"color: #000000;\"><i>Rector Magn\u00edfico de la Universidad Miguel Hern\u00e1ndez de Elche<\/i><\/span><br \/><b style=\"font-size: 16px;\"><\/b><br \/><span style=\"color: #000000;\"><b>Domingo Luis Orozco Beltr\u00e1n<\/b><\/span><\/p>\n<p><span style=\"color: #000000;\"><i>Vicerrector de Investigaci\u00f3n de la Universidad Miguel Hern\u00e1ndez de Elche<\/i><\/span><\/p>\n<p>&nbsp;<\/p>\n<h3>Sesi\u00f3n 1: La huella de Eugenio Vilanova en la Toxicolog\u00eda en Espa\u00f1a<\/h3>\n<p><span style=\"color: #000000;\"><span style=\"font-weight: 400;\">Moderador: <\/span><b>Profesor Miguel \u00c1ngel Sogorb<\/b><\/span><\/p>\n<p>&nbsp;<\/p>\n<p><b style=\"color: #000000; font-size: 16px;\">10:15-10:30. Dr Eduardo de la Pe\u00f1a de Torres<\/b><span style=\"color: #000000; font-size: 16px;\">.<\/span><\/p>\n<p><i style=\"color: #000000; font-size: 16px;\">Investigador jubilado del Consejo Superior de Investigaciones Cient\u00edficas<\/i><\/p>\n<p>&nbsp;<\/p>\n<p><span style=\"color: #000000;\"><b>10:30-10:45. Profesor Antonio Hern\u00e1ndez Jerez.\u00a0<\/b><\/span><\/p>\n<p><span style=\"color: #000000;\"><i><span style=\"font-weight: 400;\">Catedr\u00e1tico de Toxicolog\u00eda. Universidad de Granada.<\/span><\/i><\/span><\/p>\n<p>&nbsp;<\/p>\n<p><span style=\"color: #000000;\"><b>10:45-11:00. Profesor Guillermo Repetto Kuhn.<\/b><span style=\"font-weight: 400;\">\u00a0<\/span><\/span><\/p>\n<p><span style=\"color: #000000;\"><i><span style=\"font-weight: 400;\">Profesor Titular de Toxicolog\u00eda. Universidad Pablo Olavide.<\/span><\/i><\/span><\/p>\n<p><span style=\"color: #000000;\"><i><span style=\"font-weight: 400;\"><\/span><\/i><\/span><\/p>\n<p><strong><span style=\"color: #000000;\">Comit\u00e9 Organizador<\/span><\/strong><\/p>\n<p><span style=\"color: #000000;\">\u00c1ngela Sastre Santos<\/span><\/p>\n<p><span style=\"color: #000000;\">Miguel \u00c1ngel Sogorb S\u00e1nchez<\/span><\/p>\n<p>[\/et_pb_text][et_pb_text _builder_version=&#8221;4.17.4&#8243; text_font_size=&#8221;16px&#8221; header_3_font=&#8221;|600|||||||&#8221; header_3_text_color=&#8221;#0070c0&#8243; global_colors_info=&#8221;{}&#8221;]<\/p>\n<p>&nbsp;<\/p>\n<p><span style=\"color: #000000;\"><b>Coffe-break:<\/b><span style=\"font-weight: 400;\">\u00a030 minutos<\/span><\/span><\/p>\n<p>&nbsp;<\/p>\n<h3>Sesi\u00f3n 2: Profesionales formados por Eugenio Vilanova que desempe\u00f1an sus labores fuera de la UMH<\/h3>\n<p>&nbsp;<\/p>\n<p><span style=\"color: #000000;\"><span style=\"font-weight: 400;\">Moderador: <\/span><b>Profesor<\/b> <b>Jorge Est\u00e9vez<\/b><\/span><\/p>\n<p>&nbsp;<\/p>\n<p><span style=\"color: #000000;\"><b>11:30-11:45. Dr David Pamies Aubalat.<\/b><span style=\"font-weight: 400;\">\u00a0<\/span><\/span><\/p>\n<p><span style=\"color: #000000;\"><i><span style=\"font-weight: 400;\">Department of Biomedical Science, University of Lausanne, Suiza<\/span><\/i><\/span><\/p>\n<p>&nbsp;<\/p>\n<p><span style=\"color: #000000;\"><b>11:45-12:00. Dra. Carmen Estevan Mart\u00ednez.<\/b><span style=\"font-weight: 400;\">\u00a0<\/span><\/span><\/p>\n<p><span style=\"color: #000000;\"><i><span style=\"font-weight: 400;\">Unidad de Biocidas. Agencia Europea de las Sustancias Qu\u00edmicas. Finlandia.<\/span><\/i><\/span><\/p>\n<p>&nbsp;<\/p>\n<p><span style=\"color: #000000;\"><b>12:00-12:15. Dra. M\u00f3nica Benabent.<\/b><span style=\"font-weight: 400;\">\u00a0\u00a0<\/span><\/span><\/p>\n<p><span style=\"color: #000000;\"><i><span style=\"font-weight: 400;\">Profesora de Biolog\u00eda de Educaci\u00f3n Secundaria Obligatoria y Bachillerato. Colegio Sagrada Familia Alicante<\/span><\/i><\/span><\/p>\n<p>[\/et_pb_text][et_pb_text _builder_version=&#8221;4.17.4&#8243; text_font_size=&#8221;16px&#8221; header_3_font=&#8221;|600|||||||&#8221; header_3_text_color=&#8221;#0070c0&#8243; global_colors_info=&#8221;{}&#8221;]<\/p>\n<p><span style=\"color: #0070c0; font-size: 22px; font-weight: 600;\">Sesi\u00f3n 3: Contribuciones de Eugenio Vilanova a la Universidad<\/span><\/p>\n<p>&nbsp;<\/p>\n<p><span style=\"color: #000000;\"><span style=\"font-weight: 400;\">Moderadora: <\/span><b>Profesora<\/b> <b>\u00c1ngela Sastre<\/b><\/span><\/p>\n<p>&nbsp;<\/p>\n<p><b style=\"font-size: 16px; color: #000000;\">12:15-12:30. Profesor Vicente Hernandis<\/b><\/p>\n<p><span style=\"color: #000000;\"><i><span style=\"font-weight: 400;\">Catedr\u00e1tico de Qu\u00edmica Anal\u00edtica. Universidad de Alicante.<\/span><\/i><\/span><\/p>\n<p>&nbsp;<\/p>\n<p><b style=\"font-size: 16px; color: #000000;\">12:30-12:45. Emma Benlloch.<\/b><span style=\"font-weight: 400;\">\u00a0<\/span><\/p>\n<p><span style=\"color: #000000;\"><i><span style=\"font-weight: 400;\">Gerente de la Universidad Miguel Hern\u00e1ndez de Elche.\u00a0<\/span><\/i><\/span><\/p>\n<p>&nbsp;<\/p>\n<p><b style=\"font-size: 16px; color: #000000;\">12:45-13:00. Profesor Pedro Robles.<\/b><span style=\"font-weight: 400;\">\u00a0<\/span><\/p>\n<p><span style=\"color: #000000;\"><i><span style=\"font-weight: 400;\">Departamento de Biolog\u00eda Aplicada. Decano de la Facultad de Ciencias Experimentales de la Universidad Miguel Hern\u00e1ndez de Elche.<\/span><\/i><\/span><\/p>\n<p>&nbsp;<\/p>\n<p><b style=\"font-size: 16px; color: #000000;\">13:00-13:15. Profesora \u00c1ngela Sastre.<\/b><span style=\"font-weight: 400;\">\u00a0<\/span><\/p>\n<p><span style=\"color: #000000;\"><i><span style=\"font-weight: 400;\">Directora del Instituto de Bioingenier\u00eda de la Universidad Miguel Hern\u00e1ndez de Elche.<\/span><\/i><\/span><\/p>\n<p>&nbsp;<\/p>\n<p>&nbsp;<\/p>\n<p><span style=\"color: #000000;\"><strong>Conclusiones y clausura<\/strong><\/span><br \/><i><\/i><\/p>\n<p><span style=\"color: #000000;\"><strong>13:15-13:30. Profesor Jos\u00e9 Luis Micol.<\/strong><\/span><\/p>\n<p><span style=\"color: #000000;\"><em>Director del Departamento de Biolog\u00eda Aplicada de la Universidad Miguel Hern\u00e1ndez de Elche.<\/em><\/span><\/p>\n<p>&nbsp;<\/p>\n<p>&nbsp;<\/p>\n<p><span style=\"color: #000000;\"><strong>13:30-13:45. Profesor Eugenio Vilanova<\/strong><\/span><\/p>\n<p>&nbsp;<\/p>\n<p><span style=\"color: #000000;\"><strong>13:45. Vino de honor<\/strong><\/span><\/p>\n<p>[\/et_pb_text][\/et_pb_column][\/et_pb_row][\/et_pb_section]<\/p>\n","protected":false},"excerpt":{"rendered":"<p>PROGRAMA ACTO HOMENAJE A EUGENIO VILANOVAFecha: 22 de julio de 2022. Aula 1.1. del Edificio Arenales&nbsp; Comit\u00e9 organizador \u00a0Profesora \u00c1ngela Sastre Santos \u00a0Profesor Miguel \u00c1ngel Sogorb S\u00e1nchez 10:00-10:15. Presentaci\u00f3n: Juan Jos\u00e9 Ruiz Mart\u00ednez Rector Magn\u00edfico de la Universidad Miguel Hern\u00e1ndez de ElcheDomingo Luis Orozco Beltr\u00e1n Vicerrector de Investigaci\u00f3n de la Universidad Miguel Hern\u00e1ndez de Elche [&hellip;]<\/p>\n","protected":false},"author":17728,"featured_media":0,"parent":0,"menu_order":0,"comment_status":"closed","ping_status":"closed","template":"","meta":{"_et_pb_use_builder":"on","_et_pb_old_content":"","_et_gb_content_width":"","_links_to":"","_links_to_target":""},"_links":{"self":[{"href":"https:\/\/homenajeaeugeniovilanova.umh.es\/ca\/wp-json\/wp\/v2\/pages\/50"}],"collection":[{"href":"https:\/\/homenajeaeugeniovilanova.umh.es\/ca\/wp-json\/wp\/v2\/pages"}],"about":[{"href":"https:\/\/homenajeaeugeniovilanova.umh.es\/ca\/wp-json\/wp\/v2\/types\/page"}],"author":[{"embeddable":true,"href":"https:\/\/homenajeaeugeniovilanova.umh.es\/ca\/wp-json\/wp\/v2\/users\/17728"}],"replies":[{"embeddable":true,"href":"https:\/\/homenajeaeugeniovilanova.umh.es\/ca\/wp-json\/wp\/v2\/comments?post=50"}],"version-history":[{"count":0,"href":"https:\/\/homenajeaeugeniovilanova.umh.es\/ca\/wp-json\/wp\/v2\/pages\/50\/revisions"}],"wp:attachment":[{"href":"https:\/\/homenajeaeugeniovilanova.umh.es\/ca\/wp-json\/wp\/v2\/media?parent=50"}],"curies":[{"name":"wp","href":"https:\/\/api.w.org\/{rel}","templated":true}]}}